{"id":94,"date":"2025-12-11T19:47:33","date_gmt":"2025-12-11T19:47:33","guid":{"rendered":"https:\/\/jtconsultores.com.mx\/wordpress\/?page_id=94"},"modified":"2025-12-11T19:47:33","modified_gmt":"2025-12-11T19:47:33","slug":"quienes-somos","status":"publish","type":"page","link":"https:\/\/jtconsultores.com.mx\/index.php\/quienes-somos\/","title":{"rendered":"Quienes Somos"},"content":{"rendered":"\n<p>Somos una Firma de contadores p\u00fablicos con amplia experiencia en la profesi\u00f3n, lo que nos ha permitido convertirnos en asesores fiscales y financieros de empresas mexicanas y extranjeras desempe\u00f1ando nuestro trabajo con alta calidad, contamos con una amplia cartera de servicios con los que buscamos siempre las mejores opciones en beneficio para nuestros clientes.<\/p>\n\n\n\n<h2 class=\"wp-block-heading\">MISI\u00d3N<\/h2>\n\n\n\n<p>Prestar los servicios Contables, de Auditor\u00eda, Consultar\u00eda Fiscal y Administrativa con profesionistas altamente capacitados y comprometidos en el servicio a las Empresas Peque\u00f1as y Medianas de M\u00e9xico.<\/p>\n\n\n\n<h2 class=\"wp-block-heading\">VISI\u00d3N<\/h2>\n\n\n\n<p>Ser reconocida como una firma de contadores publicos formada por profesionistas altamente de reconocida capacidad y confiabilidad en la prestacion de sus servicios contables, fiscales, de auditoria y consultoria.<\/p>\n","protected":false},"excerpt":{"rendered":"<p>Somos una Firma de contadores p\u00fablicos con amplia experiencia en la profesi\u00f3n, lo que nos ha permitido convertirnos en asesores fiscales y financieros de empresas mexicanas y extranjeras desempe\u00f1ando nuestro trabajo con alta calidad, contamos con una amplia cartera de servicios con los que buscamos siempre las mejores opciones en beneficio para nuestros clientes. MISI\u00d3N [&hellip;]<\/p>\n","protected":false},"author":1,"featured_media":0,"parent":0,"menu_order":0,"comment_status":"closed","ping_status":"closed","template":"","meta":{"footnotes":""},"class_list":["post-94","page","type-page","status-publish","hentry"],"_links":{"self":[{"href":"https:\/\/jtconsultores.com.mx\/index.php\/wp-json\/wp\/v2\/pages\/94","targetHints":{"allow":["GET"]}}],"collection":[{"href":"https:\/\/jtconsultores.com.mx\/index.php\/wp-json\/wp\/v2\/pages"}],"about":[{"href":"https:\/\/jtconsultores.com.mx\/index.php\/wp-json\/wp\/v2\/types\/page"}],"author":[{"embeddable":true,"href":"https:\/\/jtconsultores.com.mx\/index.php\/wp-json\/wp\/v2\/users\/1"}],"replies":[{"embeddable":true,"href":"https:\/\/jtconsultores.com.mx\/index.php\/wp-json\/wp\/v2\/comments?post=94"}],"version-history":[{"count":1,"href":"https:\/\/jtconsultores.com.mx\/index.php\/wp-json\/wp\/v2\/pages\/94\/revisions"}],"predecessor-version":[{"id":95,"href":"https:\/\/jtconsultores.com.mx\/index.php\/wp-json\/wp\/v2\/pages\/94\/revisions\/95"}],"wp:attachment":[{"href":"https:\/\/jtconsultores.com.mx\/index.php\/wp-json\/wp\/v2\/media?parent=94"}],"curies":[{"name":"wp","href":"https:\/\/api.w.org\/{rel}","templated":true}]}}