{"id":288,"date":"2026-03-26T18:58:48","date_gmt":"2026-03-26T18:58:48","guid":{"rendered":"https:\/\/jtconsultores.com.mx\/wordpress\/?page_id=288"},"modified":"2026-03-26T18:58:48","modified_gmt":"2026-03-26T18:58:48","slug":"declaracion-anual","status":"publish","type":"page","link":"https:\/\/jtconsultores.com.mx\/index.php\/declaracion-anual\/","title":{"rendered":"Declaraci\u00f3n anual"},"content":{"rendered":"\n<p>En su mayor\u00eda, las personas f\u00edsicas y las personas morales est\u00e1n obligadas a presentar una declaraci\u00f3n donde reporten sus ingresos y gastos de todo un ejercicio fiscal (enero a diciembre), es decir, una declaraci\u00f3n anual.<\/p>\n\n\n\n<p>Las personas f\u00edsicas que se encuentran obligadas a presentar la declaraci\u00f3n anual deben hacerlo en abril de cada a\u00f1o.<\/p>\n\n\n\n<p>Las personas morales con fines de lucro deben presentar la declaraci\u00f3n por Internet durante el periodo de enero a marzo del siguiente a\u00f1o a declarar.<\/p>\n\n\n\n<p>5. Inscripci\u00f3n al Registro Patronal del IMSS<br>Es el aviso que debe presentar el patr\u00f3n o sujeto obligado para registrarse e inscribir a sus trabajadores en el Instituto Mexicano del Seguro Social (IMSS). Las instituciones de asistencia privada estar\u00e1n obligadas a registrarse como patr\u00f3n ante el Instituto a partir de que empiece a utilizar los servicios de uno o varios trabajadores. 6. Que hacer si el trabajador no cuenta con N\u00famero de Seguridad Social.<\/p>\n","protected":false},"excerpt":{"rendered":"<p>En su mayor\u00eda, las personas f\u00edsicas y las personas morales est\u00e1n obligadas a presentar una declaraci\u00f3n donde reporten sus ingresos y gastos de todo un ejercicio fiscal (enero a diciembre), es decir, una declaraci\u00f3n anual. Las personas f\u00edsicas que se encuentran obligadas a presentar la declaraci\u00f3n anual deben hacerlo en abril de cada a\u00f1o. Las [&hellip;]<\/p>\n","protected":false},"author":1,"featured_media":0,"parent":0,"menu_order":0,"comment_status":"closed","ping_status":"closed","template":"","meta":{"footnotes":""},"class_list":["post-288","page","type-page","status-publish","hentry"],"_links":{"self":[{"href":"https:\/\/jtconsultores.com.mx\/index.php\/wp-json\/wp\/v2\/pages\/288","targetHints":{"allow":["GET"]}}],"collection":[{"href":"https:\/\/jtconsultores.com.mx\/index.php\/wp-json\/wp\/v2\/pages"}],"about":[{"href":"https:\/\/jtconsultores.com.mx\/index.php\/wp-json\/wp\/v2\/types\/page"}],"author":[{"embeddable":true,"href":"https:\/\/jtconsultores.com.mx\/index.php\/wp-json\/wp\/v2\/users\/1"}],"replies":[{"embeddable":true,"href":"https:\/\/jtconsultores.com.mx\/index.php\/wp-json\/wp\/v2\/comments?post=288"}],"version-history":[{"count":1,"href":"https:\/\/jtconsultores.com.mx\/index.php\/wp-json\/wp\/v2\/pages\/288\/revisions"}],"predecessor-version":[{"id":289,"href":"https:\/\/jtconsultores.com.mx\/index.php\/wp-json\/wp\/v2\/pages\/288\/revisions\/289"}],"wp:attachment":[{"href":"https:\/\/jtconsultores.com.mx\/index.php\/wp-json\/wp\/v2\/media?parent=288"}],"curies":[{"name":"wp","href":"https:\/\/api.w.org\/{rel}","templated":true}]}}