{"id":282,"date":"2026-03-26T18:57:33","date_gmt":"2026-03-26T18:57:33","guid":{"rendered":"https:\/\/jtconsultores.com.mx\/wordpress\/?page_id=282"},"modified":"2026-03-26T18:57:33","modified_gmt":"2026-03-26T18:57:33","slug":"soy-una-persona-fisica-o-moral","status":"publish","type":"page","link":"https:\/\/jtconsultores.com.mx\/index.php\/soy-una-persona-fisica-o-moral\/","title":{"rendered":"\u00bfSoy una persona f\u00edsica o moral?"},"content":{"rendered":"\n<h2 class=\"wp-block-heading\">Persona f\u00edsica<\/h2>\n\n\n\n<p>Individuo con capacidad para contraer obligaciones y ejercer derechos. pueden prestar servicios, realizar actividades comerciales, arrendar bienes inmuebles y trabajar por salarios.<\/p>\n\n\n\n<h2 class=\"wp-block-heading\">Persona moral<\/h2>\n\n\n\n<p>Agrupaci\u00f3n de personas que se unen con un fin determinado, por ejemplo, una sociedad mercantil, una asociaci\u00f3n civil. De acuerdo con su objeto social, una persona moral puede tributar en reg\u00edmenes espec\u00edficos como:<br>\u2022 Personas morales del r\u00e9gimen general<br>\u2022 Personas morales con fines no lucrativos<br>\u2022 Asociaciones religiosas<br>\u2022 Personas morales del r\u00e9gimen simplificado<\/p>\n","protected":false},"excerpt":{"rendered":"<p>Persona f\u00edsica Individuo con capacidad para contraer obligaciones y ejercer derechos. pueden prestar servicios, realizar actividades comerciales, arrendar bienes inmuebles y trabajar por salarios. Persona moral Agrupaci\u00f3n de personas que se unen con un fin determinado, por ejemplo, una sociedad mercantil, una asociaci\u00f3n civil. De acuerdo con su objeto social, una persona moral puede tributar [&hellip;]<\/p>\n","protected":false},"author":1,"featured_media":0,"parent":0,"menu_order":0,"comment_status":"closed","ping_status":"closed","template":"","meta":{"footnotes":""},"class_list":["post-282","page","type-page","status-publish","hentry"],"_links":{"self":[{"href":"https:\/\/jtconsultores.com.mx\/index.php\/wp-json\/wp\/v2\/pages\/282","targetHints":{"allow":["GET"]}}],"collection":[{"href":"https:\/\/jtconsultores.com.mx\/index.php\/wp-json\/wp\/v2\/pages"}],"about":[{"href":"https:\/\/jtconsultores.com.mx\/index.php\/wp-json\/wp\/v2\/types\/page"}],"author":[{"embeddable":true,"href":"https:\/\/jtconsultores.com.mx\/index.php\/wp-json\/wp\/v2\/users\/1"}],"replies":[{"embeddable":true,"href":"https:\/\/jtconsultores.com.mx\/index.php\/wp-json\/wp\/v2\/comments?post=282"}],"version-history":[{"count":1,"href":"https:\/\/jtconsultores.com.mx\/index.php\/wp-json\/wp\/v2\/pages\/282\/revisions"}],"predecessor-version":[{"id":283,"href":"https:\/\/jtconsultores.com.mx\/index.php\/wp-json\/wp\/v2\/pages\/282\/revisions\/283"}],"wp:attachment":[{"href":"https:\/\/jtconsultores.com.mx\/index.php\/wp-json\/wp\/v2\/media?parent=282"}],"curies":[{"name":"wp","href":"https:\/\/api.w.org\/{rel}","templated":true}]}}