{"id":162,"date":"2025-12-15T18:45:16","date_gmt":"2025-12-15T18:45:16","guid":{"rendered":"https:\/\/jtconsultores.com.mx\/wordpress\/?page_id=162"},"modified":"2025-12-15T19:49:58","modified_gmt":"2025-12-15T19:49:58","slug":"162-2","status":"publish","type":"page","link":"https:\/\/jtconsultores.com.mx\/index.php\/162-2\/","title":{"rendered":"AVISO DE PRIVACIDAD"},"content":{"rendered":"\n<h1 class=\"wp-block-heading\">AVISO DE PRIVACIDAD<\/h1>\n\n\n\n<p>Jim\u00e9nez Trejo Consultores S.C., con domicilio en Retorno Fuentes de Sat\u00e9lite, Col. Santa Cruz del Monte, Naucalpan de Ju\u00e1rez, Estado de M\u00e9xico, C.P. 53110, utilizar\u00e1 sus datos personales recabados para:<\/p>\n\n\n\n<p>\u2022 Contacto para env\u00edo de informaci\u00f3n y\/o servicios.<\/p>\n\n\n\n<p>Para m\u00e1s informaci\u00f3n acerca del tratamiento y de los derechos que puede hacer valer, usted puede acceder al aviso de privacidad integral a trav\u00e9s del siguiente link:<\/p>\n\n\n\n<div class=\"wp-block-file\"><a id=\"wp-block-file--media-ddc1d6e5-fbf2-46c3-a0c4-577319c57ad2\" href=\"https:\/\/jtconsultores.com.mx\/index.php\/162-2\/formato-para-el-ejercicio-de-sus-derechos-arco\/\" target=\"_blank\" rel=\"noreferrer noopener\">Formato para hacer valer sus derechos ARCO<\/a><\/div>\n\n\n\n<div class=\"wp-block-file\"><a id=\"wp-block-file--media-b31b817a-5c68-4c57-964f-41a4f290c6ae\" href=\"https:\/\/jtconsultores.com.mx\/wp-content\/uploads\/2025\/12\/aviso-2.pdf\" target=\"_blank\" rel=\"noreferrer noopener\">Aviso de privacidad integral<\/a><\/div>\n\n\n\n<p><\/p>\n","protected":false},"excerpt":{"rendered":"<p>AVISO DE PRIVACIDAD Jim\u00e9nez Trejo Consultores S.C., con domicilio en Retorno Fuentes de Sat\u00e9lite, Col. Santa Cruz del Monte, Naucalpan de Ju\u00e1rez, Estado de M\u00e9xico, C.P. 53110, utilizar\u00e1 sus datos personales recabados para: \u2022 Contacto para env\u00edo de informaci\u00f3n y\/o servicios. Para m\u00e1s informaci\u00f3n acerca del tratamiento y de los derechos que puede hacer valer, [&hellip;]<\/p>\n","protected":false},"author":1,"featured_media":0,"parent":0,"menu_order":0,"comment_status":"closed","ping_status":"closed","template":"","meta":{"footnotes":""},"class_list":["post-162","page","type-page","status-publish","hentry"],"_links":{"self":[{"href":"https:\/\/jtconsultores.com.mx\/index.php\/wp-json\/wp\/v2\/pages\/162","targetHints":{"allow":["GET"]}}],"collection":[{"href":"https:\/\/jtconsultores.com.mx\/index.php\/wp-json\/wp\/v2\/pages"}],"about":[{"href":"https:\/\/jtconsultores.com.mx\/index.php\/wp-json\/wp\/v2\/types\/page"}],"author":[{"embeddable":true,"href":"https:\/\/jtconsultores.com.mx\/index.php\/wp-json\/wp\/v2\/users\/1"}],"replies":[{"embeddable":true,"href":"https:\/\/jtconsultores.com.mx\/index.php\/wp-json\/wp\/v2\/comments?post=162"}],"version-history":[{"count":5,"href":"https:\/\/jtconsultores.com.mx\/index.php\/wp-json\/wp\/v2\/pages\/162\/revisions"}],"predecessor-version":[{"id":173,"href":"https:\/\/jtconsultores.com.mx\/index.php\/wp-json\/wp\/v2\/pages\/162\/revisions\/173"}],"wp:attachment":[{"href":"https:\/\/jtconsultores.com.mx\/index.php\/wp-json\/wp\/v2\/media?parent=162"}],"curies":[{"name":"wp","href":"https:\/\/api.w.org\/{rel}","templated":true}]}}