{"id":154,"date":"2025-12-15T18:03:43","date_gmt":"2025-12-15T18:03:43","guid":{"rendered":"https:\/\/jtconsultores.com.mx\/wordpress\/?page_id=154"},"modified":"2025-12-15T18:03:43","modified_gmt":"2025-12-15T18:03:43","slug":"sistemas-de-costos","status":"publish","type":"page","link":"https:\/\/jtconsultores.com.mx\/index.php\/sistemas-de-costos\/","title":{"rendered":"Sistemas de costos"},"content":{"rendered":"\n<h3 class=\"wp-block-heading\">Sistemas de costos<\/h3>\n\n\n\n<p>A trav\u00e9s de el estudio y an\u00e1lisis de los procesos de manufactura y desarrollo de las actividades de las empresas nuestra firma puede apoyar a los tomadores de decisiones de las empresas en la selecci\u00f3n e implementaci\u00f3n del sistema de control de costos m\u00e1s adecuado para la empresa que le permita tener costos unitarios reales y\/o predeterminados (est\u00e1ndares o costos directos).<\/p>\n","protected":false},"excerpt":{"rendered":"<p>Sistemas de costos A trav\u00e9s de el estudio y an\u00e1lisis de los procesos de manufactura y desarrollo de las actividades de las empresas nuestra firma puede apoyar a los tomadores de decisiones de las empresas en la selecci\u00f3n e implementaci\u00f3n del sistema de control de costos m\u00e1s adecuado para la empresa que le permita tener [&hellip;]<\/p>\n","protected":false},"author":1,"featured_media":0,"parent":0,"menu_order":0,"comment_status":"closed","ping_status":"closed","template":"","meta":{"footnotes":""},"class_list":["post-154","page","type-page","status-publish","hentry"],"_links":{"self":[{"href":"https:\/\/jtconsultores.com.mx\/index.php\/wp-json\/wp\/v2\/pages\/154","targetHints":{"allow":["GET"]}}],"collection":[{"href":"https:\/\/jtconsultores.com.mx\/index.php\/wp-json\/wp\/v2\/pages"}],"about":[{"href":"https:\/\/jtconsultores.com.mx\/index.php\/wp-json\/wp\/v2\/types\/page"}],"author":[{"embeddable":true,"href":"https:\/\/jtconsultores.com.mx\/index.php\/wp-json\/wp\/v2\/users\/1"}],"replies":[{"embeddable":true,"href":"https:\/\/jtconsultores.com.mx\/index.php\/wp-json\/wp\/v2\/comments?post=154"}],"version-history":[{"count":1,"href":"https:\/\/jtconsultores.com.mx\/index.php\/wp-json\/wp\/v2\/pages\/154\/revisions"}],"predecessor-version":[{"id":155,"href":"https:\/\/jtconsultores.com.mx\/index.php\/wp-json\/wp\/v2\/pages\/154\/revisions\/155"}],"wp:attachment":[{"href":"https:\/\/jtconsultores.com.mx\/index.php\/wp-json\/wp\/v2\/media?parent=154"}],"curies":[{"name":"wp","href":"https:\/\/api.w.org\/{rel}","templated":true}]}}