{"id":144,"date":"2025-12-15T18:01:44","date_gmt":"2025-12-15T18:01:44","guid":{"rendered":"https:\/\/jtconsultores.com.mx\/wordpress\/?page_id=144"},"modified":"2025-12-15T18:01:44","modified_gmt":"2025-12-15T18:01:44","slug":"contratos-de-transacciones","status":"publish","type":"page","link":"https:\/\/jtconsultores.com.mx\/index.php\/contratos-de-transacciones\/","title":{"rendered":"Contratos de transacciones"},"content":{"rendered":"\n<h3 class=\"wp-block-heading\">Contratos de transacciones<\/h3>\n\n\n\n<p>En asociaci\u00f3n con abogados profesionistas, la firma realiza an\u00e1lisis o elaboraci\u00f3n de los contratos entre particulares enfoc\u00e1ndose especialmente en las repercusiones fiscales de los mismos.<br><br>a) Contrato de compra venta<br>b) Contratos de mutuo<br>c) Contrato de comodato<br>d) Contrato de asociaci\u00f3n en participaci\u00f3n<br>e) Contrato de transferencia de tecnolog\u00eda<br>f) Contrato de arrendamiento<br>g) Contratos laborales<\/p>\n","protected":false},"excerpt":{"rendered":"<p>Contratos de transacciones En asociaci\u00f3n con abogados profesionistas, la firma realiza an\u00e1lisis o elaboraci\u00f3n de los contratos entre particulares enfoc\u00e1ndose especialmente en las repercusiones fiscales de los mismos. a) Contrato de compra ventab) Contratos de mutuoc) Contrato de comodatod) Contrato de asociaci\u00f3n en participaci\u00f3ne) Contrato de transferencia de tecnolog\u00edaf) Contrato de arrendamientog) Contratos laborales<\/p>\n","protected":false},"author":1,"featured_media":0,"parent":0,"menu_order":0,"comment_status":"closed","ping_status":"closed","template":"","meta":{"footnotes":""},"class_list":["post-144","page","type-page","status-publish","hentry"],"_links":{"self":[{"href":"https:\/\/jtconsultores.com.mx\/index.php\/wp-json\/wp\/v2\/pages\/144","targetHints":{"allow":["GET"]}}],"collection":[{"href":"https:\/\/jtconsultores.com.mx\/index.php\/wp-json\/wp\/v2\/pages"}],"about":[{"href":"https:\/\/jtconsultores.com.mx\/index.php\/wp-json\/wp\/v2\/types\/page"}],"author":[{"embeddable":true,"href":"https:\/\/jtconsultores.com.mx\/index.php\/wp-json\/wp\/v2\/users\/1"}],"replies":[{"embeddable":true,"href":"https:\/\/jtconsultores.com.mx\/index.php\/wp-json\/wp\/v2\/comments?post=144"}],"version-history":[{"count":1,"href":"https:\/\/jtconsultores.com.mx\/index.php\/wp-json\/wp\/v2\/pages\/144\/revisions"}],"predecessor-version":[{"id":145,"href":"https:\/\/jtconsultores.com.mx\/index.php\/wp-json\/wp\/v2\/pages\/144\/revisions\/145"}],"wp:attachment":[{"href":"https:\/\/jtconsultores.com.mx\/index.php\/wp-json\/wp\/v2\/media?parent=144"}],"curies":[{"name":"wp","href":"https:\/\/api.w.org\/{rel}","templated":true}]}}