{"id":138,"date":"2025-12-12T21:42:20","date_gmt":"2025-12-12T21:42:20","guid":{"rendered":"https:\/\/jtconsultores.com.mx\/wordpress\/?page_id=138"},"modified":"2025-12-12T21:42:20","modified_gmt":"2025-12-12T21:42:20","slug":"asesoria-fiscal","status":"publish","type":"page","link":"https:\/\/jtconsultores.com.mx\/index.php\/asesoria-fiscal\/","title":{"rendered":"Asesoria Fiscal"},"content":{"rendered":"\n<h3 class=\"wp-block-heading\">Asesoria Fiscal<\/h3>\n\n\n\n<p>Las complejas disposiciones tributarias a las que est\u00e1n obligadas las empresas Mexicanas as\u00ed como los constantes cambios a dichas disposiciones fiscales hacen dif\u00edcil a las empresas que no cuentan con la capacidad econ\u00f3mica para mantener un departamento fiscal en su empresa, el estar debidamente actualizadas en el cumplimiento de sus obligaciones, as\u00ed como el aprovechar las ventajas fiscales que le pueden ser aplicables.<\/p>\n\n\n\n<p>El \u00e1rea fiscal de la firma tiene como objetivo ser un apoyo a las empresas que le permita contar con un departamento externo especializado en materia fiscal, esto a su vez, les facilitara a las empresas cumplir adecuadamente con las obligaciones fiscales.<\/p>\n\n\n\n<p>Una tarea adicional del \u00e1rea fiscal de la firma es elaborar estudios personalizados que las disposiciones fiscales que permiten alternativas para el cumplimiento de las obligaciones fiscales observando siempre el cumplimiento estricto de las leyes tributarias a que est\u00e1 sujeta la empresa.<\/p>\n","protected":false},"excerpt":{"rendered":"<p>Asesoria Fiscal Las complejas disposiciones tributarias a las que est\u00e1n obligadas las empresas Mexicanas as\u00ed como los constantes cambios a dichas disposiciones fiscales hacen dif\u00edcil a las empresas que no cuentan con la capacidad econ\u00f3mica para mantener un departamento fiscal en su empresa, el estar debidamente actualizadas en el cumplimiento de sus obligaciones, as\u00ed como [&hellip;]<\/p>\n","protected":false},"author":1,"featured_media":0,"parent":0,"menu_order":0,"comment_status":"closed","ping_status":"closed","template":"","meta":{"footnotes":""},"class_list":["post-138","page","type-page","status-publish","hentry"],"_links":{"self":[{"href":"https:\/\/jtconsultores.com.mx\/index.php\/wp-json\/wp\/v2\/pages\/138","targetHints":{"allow":["GET"]}}],"collection":[{"href":"https:\/\/jtconsultores.com.mx\/index.php\/wp-json\/wp\/v2\/pages"}],"about":[{"href":"https:\/\/jtconsultores.com.mx\/index.php\/wp-json\/wp\/v2\/types\/page"}],"author":[{"embeddable":true,"href":"https:\/\/jtconsultores.com.mx\/index.php\/wp-json\/wp\/v2\/users\/1"}],"replies":[{"embeddable":true,"href":"https:\/\/jtconsultores.com.mx\/index.php\/wp-json\/wp\/v2\/comments?post=138"}],"version-history":[{"count":1,"href":"https:\/\/jtconsultores.com.mx\/index.php\/wp-json\/wp\/v2\/pages\/138\/revisions"}],"predecessor-version":[{"id":139,"href":"https:\/\/jtconsultores.com.mx\/index.php\/wp-json\/wp\/v2\/pages\/138\/revisions\/139"}],"wp:attachment":[{"href":"https:\/\/jtconsultores.com.mx\/index.php\/wp-json\/wp\/v2\/media?parent=138"}],"curies":[{"name":"wp","href":"https:\/\/api.w.org\/{rel}","templated":true}]}}